{"id":10218,"date":"2014-04-23T10:38:38","date_gmt":"2014-04-23T10:38:38","guid":{"rendered":"http:\/\/ou-avdagic.hr\/?page_id=10218"},"modified":"2024-10-01T18:52:38","modified_gmt":"2024-10-01T18:52:38","slug":"law-firm","status":"publish","type":"page","link":"https:\/\/ou-avdagic.hr\/en\/law-firm\/","title":{"rendered":"Law Firm"},"content":{"rendered":"<div class=\"row \"><div class=\"wpv-grid grid-1-1  wpv-first-level first unextended animation-fade-in animated-active\" style=\"padding-top:0px;padding-bottom:0px\" id=\"wpv-column-14230e6980de784d339fdb08eb1feb0b\" ><div class=\"row \"><div class=\"wpv-grid grid-1-1  first unextended animation-from-bottom animated-active\" style=\"padding-top:0px;padding-bottom:0px\" id=\"wpv-column-d1d76c3735ae57341004a8f4cbc30255\" ><p style=\"text-align: center;\"><span class=\"vamtam-font-style-1 with-color\">\u201cDo you see a man skillful in his work? He will stand before kings;<br \/>\nhe will not stand before obscure men.<\/span><span class=\"vamtam-font-style-1 with-color\">\u201d<\/span><\/p>\n<p style=\"text-align: center;\"><em>Proverbs 22:29<\/em><\/p>\n<p style=\"text-align: center;\"><div class=\"push\" style='height:20px'><\/div><\/div><\/div><\/div><\/div>\n<div class=\"row \"><div class=\"wpv-grid grid-3-5  wpv-first-level first unextended\" style=\"padding-top:0px;padding-bottom:0px\" id=\"wpv-column-71ce7e6d66bf5aa06e29868d883831e7\" ><div class=\"row \"><div class=\"wpv-grid grid-1-1  first unextended\" style=\"padding-top:0px;padding-bottom:0px\" id=\"wpv-column-45a5ea55f2a1ed64f3bf1baf18a334f6\" ><div class=\"push\" ><\/div>\n<h3><span class=\"accent-1\">&#8211; AVDAGI\u0106 &amp; PARTNERS Law Firm<\/span><\/h3>\n<p style=\"padding-left: 0px; padding-right: 30px; text-align: justify;\">was established based on the vision of the attorney Jasmin Avdagi\u0107 who has been engaged in the field of law since 2000, when he started with his internship at today&#8217;s law firm <a href=\"http:\/\/www.ljubenko-i-partneri.hr\/\">Ljubenko and Partners Ltd.<\/a> in Zagreb. Jasmin Avdagi\u0107 is registered at the Croatian Bar Association as an independent attorney in 2003, and he cooperated in partnership with the attorney at law Ljubenko in Zagreb. In 2004, the law office location moved to Sibenik with a particular focus on transactions, maritime law, investment and tourism. At the beginning of 2024, the Avdagi\u0107 and partners Law Firm was established, originating from the law offices of Jasmin Avdagi\u0107 and Ivan\u010dica Bobek.<\/p>\n<p style=\"padding-left: 0px; padding-right: 30px; text-align: justify;\">Today the Law Firm operates in association with more attorneys, lawyers and associates with the aim of providing legal services to local and foreign legal and natural persons over the entire territory of the Republic of Croatia.<\/div><\/div><\/div>\n<div class=\"wpv-grid grid-2-5  wpv-first-level unextended\" style=\"padding-top:20px;padding-bottom:0px\" id=\"wpv-column-6f8cb0b0644ee22db925f56a92cb5f06\" ><div class=\"row \"><div class=\"wpv-grid grid-1-1  first has-background unextended\" style=\"\n\t\t\t\tbackground: url( 'https:\/\/ou-avdagic.hr\/wp-content\/uploads\/2019\/05\/asja-naslovna-zatrazi-savjet2.jpg' ) no-repeat center top;\n\t\t\t\tbackground-size: cover;\n\t\t\tbackground-attachment: scroll;padding-top:0px;padding-bottom:0px\" id=\"wpv-column-1a1e3fcadc917e2b6f2075f0802fbf6b\" ><div class=\"row \"><div class=\"wpv-grid grid-1-2  first has-background unextended\" style=\"\n\t\t\t\tbackground: url( 'https:\/\/lawyers-attorneys.vamtam.com\/wp-content\/uploads\/2014\/09\/bg-trans.png' ) repeat ;\n\t\t\t\tbackground-size: auto;\n\t\t\tpadding-top:35px;padding-bottom:30px\" id=\"wpv-column-62750d0a925c0e782ead78017b0ebbb1\" ><div class=\"row \"><div class=\"wpv-grid grid-1-1  first unextended\" style=\"padding-top:0px;padding-bottom:0px\" id=\"wpv-column-b25c4f1555b8acee55a0304f64b72f0e\" ><span class='icon shortcode theme  use-hover' style='font-size:36px !important;color:#CCA876;'>&#57430;<\/span><div class=\"push\" style='height:10px'><\/div>\n<a href=\"https:\/\/ou-avdagic.hr\/en\/legal-services\/\"><span class=\"vamtam-font-style-2 accent-8\">SEEK LEGAL ADVICE \u2192<\/span><\/a><\/p>\n<div class=\"push\" style='height:30px'><\/div><\/div><\/div><\/div><\/div><\/div><\/div>\n<div class=\"row \"><div class=\"wpv-grid grid-1-1 add-border first unextended animation-from-bottom animated-active\" style=\"padding-top:0px;padding-bottom:0px\" id=\"wpv-column-845cc6a1c79e9b55a13c95fe71b8eecb\" ><\/div><\/div><\/div><\/div>\n<div class=\"row \"><div class=\"wpv-grid grid-1-1  wpv-first-level first unextended animation-fade-in animated-active\" style=\"padding-top:0px;padding-bottom:0px\" id=\"wpv-column-aaf6b3ecd5b62b5998cfa3f3a0a96803\" ><div class=\"row \"><div class=\"wpv-grid grid-1-1  first unextended animation-from-bottom animated-active\" style=\"padding-top:0px;padding-bottom:0px\" id=\"wpv-column-18cc061839ff3a49f0700bcdc96dd4c9\" ><blockquote><p>Our Values<\/p><\/blockquote>\n<p><span lang=\"en-US\">In a world full of prejudice regarding this calling, we are trying<\/span><span lang=\"en-US\"> to live and experience the law truthfully, at the office and in personal lives too. We highly appreciate our values and we are striving to consistently apply them:<\/span><\/p>\n<h3 align=\"JUSTIFY\"><span style=\"color: #222222;\"><span style=\"font-family: Arial, sans-serif;\"><span lang=\"en\">Integrity<\/span><\/span><\/span> <span style=\"color: #222222;\"><span style=\"font-family: Arial, sans-serif;\"><span lang=\"en\">and<\/span><\/span><\/span> C<span style=\"color: #222222;\"><span style=\"font-family: Arial, sans-serif;\"><span lang=\"en\">onfidentiality<\/span><\/span><\/span><\/h3>\n<p>We provide our services with a dutiful and fair approach towards all of our clients, colleagues, officials, and all other participants of legal activities with whom we come in contact. We carefully keep information which is entrusted to us, protecting the privacy of our clients.<\/p>\n<h3 align=\"JUSTIFY\"><span style=\"color: #222222;\"><span style=\"font-family: Arial, sans-serif;\"><span lang=\"en\">Competence and<\/span><\/span><\/span> R<span style=\"color: #222222;\"><span style=\"font-family: Arial, sans-serif;\"><span lang=\"en\">esponsibility<\/span><\/span><\/span><\/h3>\n<p>Our goal is to continuously advance our knowledge and expertise, in order to always provide our clients with accurate counsel. We want to be available for our clients, to advise them thoroughly and in time, to respond to their calls or inquiries, and respect the set deadlines.<\/p>\n<h3 align=\"JUSTIFY\"><span style=\"color: #222222;\"><span style=\"font-family: Arial, sans-serif;\"><span lang=\"en\">Independence and Impartiality<\/span><\/span><\/span><\/h3>\n<p><span lang=\"en\">We accept challenges. We are constantly trying to think independently and innovatively, to resist the pressures and the established stereotyped approaches. We are doing our best in order to respectfully treat each party regardless of its status and to uncompromisingly stand up for the rights of our clients regardless of the social influence or impact of the opposite party.<\/span><\/div><\/div><\/div><\/div>\n<div class=\"push\" style='height:50px'><\/div>\n","protected":false},"excerpt":{"rendered":"<p>\u201cDo you see a man skillful in his work? He will stand before kings; he will not stand before obscure men.\u201d Proverbs 22:29 &#8211; AVDAGI\u0106 &amp; PARTNERS Law Firm was established based on the vision of the attorney Jasmin Avdagi\u0107 who has been engaged in the field of law since 2000, when he started with&#8230;<\/p>\n","protected":false},"author":2,"featured_media":0,"parent":0,"menu_order":0,"comment_status":"closed","ping_status":"closed","template":"","meta":{"footnotes":""},"class_list":["post-10218","page","type-page","status-publish","hentry"],"yoast_head":"<!-- This site is optimized with the Yoast SEO plugin v26.6 - https:\/\/yoast.com\/wordpress\/plugins\/seo\/ -->\n<title>Law Firm - Law Firm Avdagi\u0107 &amp; Partners - Legal Services<\/title>\n<meta name=\"description\" content=\"Law Firm - Law Firm Avdagi\u0107 &amp; Partners - \u0160ibenik, 22 000, Kralja Dr\u017eislava Square 4 \u00b7 Zagreb, 10000, Goren\u0161\u010dak 17 \u00b7 master-office@ou-avdagic.hr\" \/>\n<meta name=\"robots\" content=\"index, follow, max-snippet:-1, max-image-preview:large, max-video-preview:-1\" \/>\n<link rel=\"canonical\" href=\"https:\/\/ou-avdagic.hr\/en\/law-firm\/\" \/>\n<meta property=\"og:locale\" content=\"en_US\" \/>\n<meta property=\"og:type\" content=\"article\" \/>\n<meta property=\"og:title\" content=\"Law Firm - Law Firm Avdagi\u0107 &amp; Partners - Legal Services\" \/>\n<meta property=\"og:description\" content=\"Law Firm - Law Firm Avdagi\u0107 &amp; Partners - \u0160ibenik, 22 000, Kralja Dr\u017eislava Square 4 \u00b7 Zagreb, 10000, Goren\u0161\u010dak 17 \u00b7 master-office@ou-avdagic.hr\" \/>\n<meta property=\"og:url\" content=\"https:\/\/ou-avdagic.hr\/en\/law-firm\/\" \/>\n<meta property=\"og:site_name\" content=\"Avdagi\u0107 i partneri odvjetni\u010dko dru\u0161tvo\" \/>\n<meta property=\"article:modified_time\" content=\"2024-10-01T18:52:38+00:00\" \/>\n<meta name=\"twitter:card\" content=\"summary_large_image\" \/>\n<meta name=\"twitter:label1\" content=\"Est. reading time\" \/>\n\t<meta name=\"twitter:data1\" content=\"3 minutes\" \/>\n<script type=\"application\/ld+json\" class=\"yoast-schema-graph\">{\"@context\":\"https:\/\/schema.org\",\"@graph\":[{\"@type\":\"WebPage\",\"@id\":\"https:\/\/ou-avdagic.hr\/en\/law-firm\/\",\"url\":\"https:\/\/ou-avdagic.hr\/en\/law-firm\/\",\"name\":\"Law Firm - Law Firm Avdagi\u0107 & Partners - Legal Services\",\"isPartOf\":{\"@id\":\"https:\/\/ou-avdagic.hr\/en\/#website\"},\"datePublished\":\"2014-04-23T10:38:38+00:00\",\"dateModified\":\"2024-10-01T18:52:38+00:00\",\"description\":\"Law Firm - Law Firm Avdagi\u0107 & Partners - \u0160ibenik, 22 000, Kralja Dr\u017eislava Square 4 \u00b7 Zagreb, 10000, Goren\u0161\u010dak 17 \u00b7 master-office@ou-avdagic.hr\",\"breadcrumb\":{\"@id\":\"https:\/\/ou-avdagic.hr\/en\/law-firm\/#breadcrumb\"},\"inLanguage\":\"en-US\",\"potentialAction\":[{\"@type\":\"ReadAction\",\"target\":[\"https:\/\/ou-avdagic.hr\/en\/law-firm\/\"]}]},{\"@type\":\"BreadcrumbList\",\"@id\":\"https:\/\/ou-avdagic.hr\/en\/law-firm\/#breadcrumb\",\"itemListElement\":[{\"@type\":\"ListItem\",\"position\":1,\"name\":\"Po\u010detna stranica\",\"item\":\"https:\/\/ou-avdagic.hr\/en\/\"},{\"@type\":\"ListItem\",\"position\":2,\"name\":\"Law Firm\"}]},{\"@type\":\"WebSite\",\"@id\":\"https:\/\/ou-avdagic.hr\/en\/#website\",\"url\":\"https:\/\/ou-avdagic.hr\/en\/\",\"name\":\"Odvjetni\u010dki ured Avdagi\u0107\",\"description\":\"Pravne usluge\",\"publisher\":{\"@id\":\"https:\/\/ou-avdagic.hr\/en\/#organization\"},\"potentialAction\":[{\"@type\":\"SearchAction\",\"target\":{\"@type\":\"EntryPoint\",\"urlTemplate\":\"https:\/\/ou-avdagic.hr\/en\/?s={search_term_string}\"},\"query-input\":{\"@type\":\"PropertyValueSpecification\",\"valueRequired\":true,\"valueName\":\"search_term_string\"}}],\"inLanguage\":\"en-US\"},{\"@type\":\"Organization\",\"@id\":\"https:\/\/ou-avdagic.hr\/en\/#organization\",\"name\":\"Odvjetni\u010dki ured Avdagi\u0107\",\"url\":\"https:\/\/ou-avdagic.hr\/en\/\",\"logo\":{\"@type\":\"ImageObject\",\"inLanguage\":\"en-US\",\"@id\":\"https:\/\/ou-avdagic.hr\/en\/#\/schema\/logo\/image\/\",\"url\":\"https:\/\/ou-avdagic.hr\/wp-content\/uploads\/2015\/05\/odvjetnik-logo3.jpg\",\"contentUrl\":\"https:\/\/ou-avdagic.hr\/wp-content\/uploads\/2015\/05\/odvjetnik-logo3.jpg\",\"width\":1525,\"height\":583,\"caption\":\"Odvjetni\u010dki ured Avdagi\u0107\"},\"image\":{\"@id\":\"https:\/\/ou-avdagic.hr\/en\/#\/schema\/logo\/image\/\"},\"sameAs\":[\"https:\/\/www.linkedin.com\/in\/jasmin-avdagi\u0107\/\"]}]}<\/script>\n<!-- \/ Yoast SEO plugin. -->","yoast_head_json":{"title":"Law Firm - Law Firm Avdagi\u0107 & Partners - Legal Services","description":"Law Firm - Law Firm Avdagi\u0107 & Partners - \u0160ibenik, 22 000, Kralja Dr\u017eislava Square 4 \u00b7 Zagreb, 10000, Goren\u0161\u010dak 17 \u00b7 master-office@ou-avdagic.hr","robots":{"index":"index","follow":"follow","max-snippet":"max-snippet:-1","max-image-preview":"max-image-preview:large","max-video-preview":"max-video-preview:-1"},"canonical":"https:\/\/ou-avdagic.hr\/en\/law-firm\/","og_locale":"en_US","og_type":"article","og_title":"Law Firm - Law Firm Avdagi\u0107 & Partners - Legal Services","og_description":"Law Firm - Law Firm Avdagi\u0107 & Partners - \u0160ibenik, 22 000, Kralja Dr\u017eislava Square 4 \u00b7 Zagreb, 10000, Goren\u0161\u010dak 17 \u00b7 master-office@ou-avdagic.hr","og_url":"https:\/\/ou-avdagic.hr\/en\/law-firm\/","og_site_name":"Avdagi\u0107 i partneri odvjetni\u010dko dru\u0161tvo","article_modified_time":"2024-10-01T18:52:38+00:00","twitter_card":"summary_large_image","twitter_misc":{"Est. reading time":"3 minutes"},"schema":{"@context":"https:\/\/schema.org","@graph":[{"@type":"WebPage","@id":"https:\/\/ou-avdagic.hr\/en\/law-firm\/","url":"https:\/\/ou-avdagic.hr\/en\/law-firm\/","name":"Law Firm - Law Firm Avdagi\u0107 & Partners - Legal Services","isPartOf":{"@id":"https:\/\/ou-avdagic.hr\/en\/#website"},"datePublished":"2014-04-23T10:38:38+00:00","dateModified":"2024-10-01T18:52:38+00:00","description":"Law Firm - Law Firm Avdagi\u0107 & Partners - \u0160ibenik, 22 000, Kralja Dr\u017eislava Square 4 \u00b7 Zagreb, 10000, Goren\u0161\u010dak 17 \u00b7 master-office@ou-avdagic.hr","breadcrumb":{"@id":"https:\/\/ou-avdagic.hr\/en\/law-firm\/#breadcrumb"},"inLanguage":"en-US","potentialAction":[{"@type":"ReadAction","target":["https:\/\/ou-avdagic.hr\/en\/law-firm\/"]}]},{"@type":"BreadcrumbList","@id":"https:\/\/ou-avdagic.hr\/en\/law-firm\/#breadcrumb","itemListElement":[{"@type":"ListItem","position":1,"name":"Po\u010detna stranica","item":"https:\/\/ou-avdagic.hr\/en\/"},{"@type":"ListItem","position":2,"name":"Law Firm"}]},{"@type":"WebSite","@id":"https:\/\/ou-avdagic.hr\/en\/#website","url":"https:\/\/ou-avdagic.hr\/en\/","name":"Odvjetni\u010dki ured Avdagi\u0107","description":"Pravne usluge","publisher":{"@id":"https:\/\/ou-avdagic.hr\/en\/#organization"},"potentialAction":[{"@type":"SearchAction","target":{"@type":"EntryPoint","urlTemplate":"https:\/\/ou-avdagic.hr\/en\/?s={search_term_string}"},"query-input":{"@type":"PropertyValueSpecification","valueRequired":true,"valueName":"search_term_string"}}],"inLanguage":"en-US"},{"@type":"Organization","@id":"https:\/\/ou-avdagic.hr\/en\/#organization","name":"Odvjetni\u010dki ured Avdagi\u0107","url":"https:\/\/ou-avdagic.hr\/en\/","logo":{"@type":"ImageObject","inLanguage":"en-US","@id":"https:\/\/ou-avdagic.hr\/en\/#\/schema\/logo\/image\/","url":"https:\/\/ou-avdagic.hr\/wp-content\/uploads\/2015\/05\/odvjetnik-logo3.jpg","contentUrl":"https:\/\/ou-avdagic.hr\/wp-content\/uploads\/2015\/05\/odvjetnik-logo3.jpg","width":1525,"height":583,"caption":"Odvjetni\u010dki ured Avdagi\u0107"},"image":{"@id":"https:\/\/ou-avdagic.hr\/en\/#\/schema\/logo\/image\/"},"sameAs":["https:\/\/www.linkedin.com\/in\/jasmin-avdagi\u0107\/"]}]}},"_links":{"self":[{"href":"https:\/\/ou-avdagic.hr\/en\/wp-json\/wp\/v2\/pages\/10218","targetHints":{"allow":["GET"]}}],"collection":[{"href":"https:\/\/ou-avdagic.hr\/en\/wp-json\/wp\/v2\/pages"}],"about":[{"href":"https:\/\/ou-avdagic.hr\/en\/wp-json\/wp\/v2\/types\/page"}],"author":[{"embeddable":true,"href":"https:\/\/ou-avdagic.hr\/en\/wp-json\/wp\/v2\/users\/2"}],"replies":[{"embeddable":true,"href":"https:\/\/ou-avdagic.hr\/en\/wp-json\/wp\/v2\/comments?post=10218"}],"version-history":[{"count":29,"href":"https:\/\/ou-avdagic.hr\/en\/wp-json\/wp\/v2\/pages\/10218\/revisions"}],"predecessor-version":[{"id":12079,"href":"https:\/\/ou-avdagic.hr\/en\/wp-json\/wp\/v2\/pages\/10218\/revisions\/12079"}],"wp:attachment":[{"href":"https:\/\/ou-avdagic.hr\/en\/wp-json\/wp\/v2\/media?parent=10218"}],"curies":[{"name":"wp","href":"https:\/\/api.w.org\/{rel}","templated":true}]}}