{"id":10220,"date":"2014-07-04T10:06:07","date_gmt":"2014-07-04T10:06:07","guid":{"rendered":"http:\/\/ou-avdagic.hr\/?page_id=10220"},"modified":"2024-10-03T08:47:33","modified_gmt":"2024-10-03T08:47:33","slug":"our-team","status":"publish","type":"page","link":"https:\/\/ou-avdagic.hr\/en\/our-team\/","title":{"rendered":"Our Team"},"content":{"rendered":"<div class=\"row \"><div class=\"wpv-grid grid-1-4  wpv-first-level first unextended animation-from-bottom animated-active\" style=\"padding-top:0px;padding-bottom:0px\" id=\"wpv-column-7e0ce6f2559a0f12980e40a67e13f4ef\" ><div class=\"row \"><div class=\"wpv-grid grid-1-1  first unextended\" style=\"padding-top:0px;padding-bottom:0px\" id=\"wpv-column-93d811e37ca9feecb2cfe6c5e49e04c1\" ><div class=\"team-member\">\n\t\t<div class=\"thumbnail\">\n\t\t\t\t\t<a href=\"https:\/\/ou-avdagic.hr\/en\/our-team\/jasmin-avdagic\/\" title=\"Jasmin Avdagi\u0107\">\n\t\t\t\t\t<img loading=\"lazy\" decoding=\"async\" width=\"361\" height=\"375\" src=\"https:\/\/ou-avdagic.hr\/wp-content\/uploads\/2014\/07\/jasmin-portret-fotka.jpg\" class=\"attachment-full size-full\" alt=\"\" srcset=\"https:\/\/ou-avdagic.hr\/wp-content\/uploads\/2014\/07\/jasmin-portret-fotka.jpg 361w, https:\/\/ou-avdagic.hr\/wp-content\/uploads\/2014\/07\/jasmin-portret-fotka-289x300.jpg 289w, https:\/\/ou-avdagic.hr\/wp-content\/uploads\/2014\/07\/jasmin-portret-fotka-360x374.jpg 360w, https:\/\/ou-avdagic.hr\/wp-content\/uploads\/2014\/07\/jasmin-portret-fotka-262x272.jpg 262w\" sizes=\"auto, (max-width: 361px) 100vw, 361px\" \/>\t\t\t\t\t<\/a>\n\t\t\t<\/div>\n\t\t<div class=\"team-member-info\">\n\t\t<h3>\n\t\t\t\t\t\t\t<a href=\"https:\/\/ou-avdagic.hr\/en\/our-team\/jasmin-avdagic\/\" title=\"Jasmin Avdagi\u0107\">\n\t\t\t\t\t\t\tJasmin Avdagi\u0107\t\t\t\t\t\t\t<\/a>\n\t\t\t\t\t<\/h3>\n\t\t\t\t\t<h5 class=\"regular-title-wrapper team-member-position\"> LAWYER AND THE FOUNDER <\/h5>\n\t\t\t\t\t\t\t<div><a href=\"mailto:master-office@ou-avdagic.hr\" title=\"email Jasmin Avdagi\u0107\">master-office@ou-avdagic.hr<\/a><\/div>\n\t\t\t\t\t\t\t<div class=\"team-member-phone\"><a href=\"tel:Tel+3850981906359\" title=\"Call Jasmin Avdagi\u0107\">Tel: +385 - (0)98 - 1906 - 359<\/a><\/div>\n\t\t\t\t<div class=\"share-icons clearfix\">\n\t\t\t\t\t\t\t\t<a href=\"https:\/\/www.linkedin.com\/in\/jasmin-avdagi%C4%87\/\" title=\"\" target=\"_blank\"><span class='icon shortcode theme  use-hover' style=''>&#58904;<\/span><\/a>\n\t\t\t\t\t<\/div>\n\t<\/div>\n\t<\/div>\n<\/div><\/div><\/div>\n<div class=\"wpv-grid grid-1-4  wpv-first-level unextended animation-from-bottom animated-active\" style=\"padding-top:0px;padding-bottom:0px\" id=\"wpv-column-57b8968b5e36498b57c9550b425a512a\" ><div class=\"row \"><div class=\"wpv-grid grid-1-1  first unextended\" style=\"padding-top:0px;padding-bottom:0px\" id=\"wpv-column-0551960509b7ec3a0745557f125a8144\" ><div class=\"team-member\">\n\t\t<div class=\"thumbnail\">\n\t\t\t\t\t<a href=\"https:\/\/ou-avdagic.hr\/en\/our-team\/ante-devcic\/\" title=\"Ante Dev\u010di\u0107\">\n\t\t\t\t\t<img loading=\"lazy\" decoding=\"async\" width=\"361\" height=\"374\" src=\"https:\/\/ou-avdagic.hr\/wp-content\/uploads\/2019\/05\/ante-portret-fotka-3.jpg\" class=\"attachment-full size-full\" alt=\"\" srcset=\"https:\/\/ou-avdagic.hr\/wp-content\/uploads\/2019\/05\/ante-portret-fotka-3.jpg 361w, https:\/\/ou-avdagic.hr\/wp-content\/uploads\/2019\/05\/ante-portret-fotka-3-290x300.jpg 290w, https:\/\/ou-avdagic.hr\/wp-content\/uploads\/2019\/05\/ante-portret-fotka-3-360x373.jpg 360w, https:\/\/ou-avdagic.hr\/wp-content\/uploads\/2019\/05\/ante-portret-fotka-3-262x271.jpg 262w\" sizes=\"auto, (max-width: 361px) 100vw, 361px\" \/>\t\t\t\t\t<\/a>\n\t\t\t<\/div>\n\t\t<div class=\"team-member-info\">\n\t\t<h3>\n\t\t\t\t\t\t\t<a href=\"https:\/\/ou-avdagic.hr\/en\/our-team\/ante-devcic\/\" title=\"Ante Dev\u010di\u0107\">\n\t\t\t\t\t\t\tAnte Dev\u010di\u0107\t\t\t\t\t\t\t<\/a>\n\t\t\t\t\t<\/h3>\n\t\t\t\t\t<h5 class=\"regular-title-wrapper team-member-position\"> LAWYER <\/h5>\n\t\t\t\t\t\t\t<div><a href=\"mailto:master-office@ou-avdagic.hr\" title=\"email Ante Dev\u010di\u0107\">master-office@ou-avdagic.hr<\/a><\/div>\n\t\t\t\t\t\t\t<div class=\"team-member-phone\"><a href=\"tel:Tel+3850915234631\" title=\"Call Ante Dev\u010di\u0107\">Tel: +385 \u2013 (0)91 \u2013 5234 \u2013 631<\/a><\/div>\n\t\t\t\t<div class=\"share-icons clearfix\">\n\t\t\t\t\t<\/div>\n\t<\/div>\n\t<\/div>\n<\/div><\/div><\/div>\n<div class=\"wpv-grid grid-1-4  wpv-first-level unextended animation-from-bottom animated-active\" style=\"padding-top:0px;padding-bottom:0px\" id=\"wpv-column-b0580fbcccf7f6761161b090a5c9ee04\" ><div class=\"row \"><div class=\"wpv-grid grid-1-1  first unextended\" style=\"padding-top:0px;padding-bottom:0px\" id=\"wpv-column-e896eac0ce902ce8b6b39cd6be14f5cc\" ><div class=\"team-member\">\n\t\t<div class=\"thumbnail\">\n\t\t\t\t\t<a href=\"https:\/\/ou-avdagic.hr\/en\/ivancica-bobek\/\" title=\"Ivan\u010dica Bobek\">\n\t\t\t\t\t<img loading=\"lazy\" decoding=\"async\" width=\"361\" height=\"374\" src=\"https:\/\/ou-avdagic.hr\/wp-content\/uploads\/2023\/02\/Ivancica-Bobek-portret-1.jpg\" class=\"attachment-full size-full\" alt=\"\" srcset=\"https:\/\/ou-avdagic.hr\/wp-content\/uploads\/2023\/02\/Ivancica-Bobek-portret-1.jpg 361w, https:\/\/ou-avdagic.hr\/wp-content\/uploads\/2023\/02\/Ivancica-Bobek-portret-1-290x300.jpg 290w, https:\/\/ou-avdagic.hr\/wp-content\/uploads\/2023\/02\/Ivancica-Bobek-portret-1-262x271.jpg 262w\" sizes=\"auto, (max-width: 361px) 100vw, 361px\" \/>\t\t\t\t\t<\/a>\n\t\t\t<\/div>\n\t\t<div class=\"team-member-info\">\n\t\t<h3>\n\t\t\t\t\t\t\t<a href=\"https:\/\/ou-avdagic.hr\/en\/ivancica-bobek\/\" title=\"Ivan\u010dica Bobek\">\n\t\t\t\t\t\t\tIvan\u010dica Bobek\t\t\t\t\t\t\t<\/a>\n\t\t\t\t\t<\/h3>\n\t\t\t\t\t<h5 class=\"regular-title-wrapper team-member-position\"> LAWYER <\/h5>\n\t\t\t\t\t\t\t<div><a href=\"mailto:master-office@ou-avdagic.hr\" title=\"email Ivan\u010dica Bobek\">master-office@ou-avdagic.hr<\/a><\/div>\n\t\t\t\t\t\t\t<div class=\"team-member-phone\"><a href=\"tel:Tel+3850918901633\" title=\"Call Ivan\u010dica Bobek\">Tel: +385 \u2013 (0)91 \u2013 8901 \u2013 633<\/a><\/div>\n\t\t\t\t<div class=\"share-icons clearfix\">\n\t\t\t\t\t\t\t\t<a href=\"https:\/\/www.linkedin.com\/in\/ivan%C4%8Dica-bobek-625942109\/\" title=\"\" target=\"_blank\"><span class='icon shortcode theme  use-hover' style=''>&#58904;<\/span><\/a>\n\t\t\t\t\t<\/div>\n\t<\/div>\n\t<\/div>\n<\/div><\/div><\/div>\n<div class=\"wpv-grid grid-1-4  wpv-first-level unextended animation-from-bottom animated-active\" style=\"padding-top:0px;padding-bottom:0px\" id=\"wpv-column-5c777c5570774341560ac614e84d5fdb\" ><div class=\"row \"><div class=\"wpv-grid grid-1-1  first unextended\" style=\"padding-top:0px;padding-bottom:0px\" id=\"wpv-column-5ad2f530b43291130332a1f3ac797ed9\" ><div class=\"team-member\">\n\t\t<div class=\"thumbnail\">\n\t\t\t\t\t<a href=\"https:\/\/ou-avdagic.hr\/en\/our-team\/\/asja-zlatoper\/\" title=\"Asja \u017duvela Zlatoper\">\n\t\t\t\t\t<img loading=\"lazy\" decoding=\"async\" width=\"361\" height=\"374\" src=\"https:\/\/ou-avdagic.hr\/wp-content\/uploads\/2019\/05\/asja-portret-fotka-2.jpg\" class=\"attachment-full size-full\" alt=\"\" srcset=\"https:\/\/ou-avdagic.hr\/wp-content\/uploads\/2019\/05\/asja-portret-fotka-2.jpg 361w, https:\/\/ou-avdagic.hr\/wp-content\/uploads\/2019\/05\/asja-portret-fotka-2-290x300.jpg 290w, https:\/\/ou-avdagic.hr\/wp-content\/uploads\/2019\/05\/asja-portret-fotka-2-360x373.jpg 360w, https:\/\/ou-avdagic.hr\/wp-content\/uploads\/2019\/05\/asja-portret-fotka-2-262x271.jpg 262w\" sizes=\"auto, (max-width: 361px) 100vw, 361px\" \/>\t\t\t\t\t<\/a>\n\t\t\t<\/div>\n\t\t<div class=\"team-member-info\">\n\t\t<h3>\n\t\t\t\t\t\t\t<a href=\"https:\/\/ou-avdagic.hr\/en\/our-team\/\/asja-zlatoper\/\" title=\"Asja \u017duvela Zlatoper\">\n\t\t\t\t\t\t\tAsja \u017duvela Zlatoper\t\t\t\t\t\t\t<\/a>\n\t\t\t\t\t<\/h3>\n\t\t\t\t\t<h5 class=\"regular-title-wrapper team-member-position\"> ADMINISTRATIVE SECRETARY <\/h5>\n\t\t\t\t\t\t\t<div><a href=\"mailto:master-office@ou-avdagic.hr\" title=\"email Asja \u017duvela Zlatoper\">master-office@ou-avdagic.hr<\/a><\/div>\n\t\t\t\t\t\t\t<div class=\"team-member-phone\"><a href=\"tel:Tel+385022214114\" title=\"Call Asja \u017duvela Zlatoper\">Tel: +385 - (0)22 - 214 - 114<\/a><\/div>\n\t\t\t\t<div class=\"share-icons clearfix\">\n\t\t\t\t\t<\/div>\n\t<\/div>\n\t<\/div>\n<\/div><\/div><\/div><\/div>\n<div class=\"push\" style='height:50px'><\/div>\n","protected":false},"excerpt":{"rendered":"","protected":false},"author":2,"featured_media":0,"parent":0,"menu_order":0,"comment_status":"closed","ping_status":"closed","template":"","meta":{"footnotes":""},"class_list":["post-10220","page","type-page","status-publish","hentry"],"yoast_head":"<!-- This site is optimized with the Yoast SEO plugin v26.6 - https:\/\/yoast.com\/wordpress\/plugins\/seo\/ -->\n<title>Our Team - Law Firm Avdagi\u0107 &amp; Partners - Legal Services<\/title>\n<meta name=\"description\" content=\"Our Team - Law Firm Avdagi\u0107 &amp; Partners - \u0160ibenik, 22 000, Kralja Dr\u017eislava Square 4 \u00b7 Zagreb, 10000, Goren\u0161\u010dak 17 \u00b7 master-office@ou-avdagic.hr\" \/>\n<meta name=\"robots\" content=\"index, follow, max-snippet:-1, max-image-preview:large, max-video-preview:-1\" \/>\n<link rel=\"canonical\" href=\"https:\/\/ou-avdagic.hr\/en\/our-team\/\" \/>\n<meta property=\"og:locale\" content=\"en_US\" \/>\n<meta property=\"og:type\" content=\"article\" \/>\n<meta property=\"og:title\" content=\"Our Team - Law Firm Avdagi\u0107 &amp; Partners - Legal Services\" \/>\n<meta property=\"og:description\" content=\"Our Team - Law Firm Avdagi\u0107 &amp; Partners - \u0160ibenik, 22 000, Kralja Dr\u017eislava Square 4 \u00b7 Zagreb, 10000, Goren\u0161\u010dak 17 \u00b7 master-office@ou-avdagic.hr\" \/>\n<meta property=\"og:url\" content=\"https:\/\/ou-avdagic.hr\/en\/our-team\/\" \/>\n<meta property=\"og:site_name\" content=\"Avdagi\u0107 i partneri odvjetni\u010dko dru\u0161tvo\" \/>\n<meta property=\"article:modified_time\" content=\"2024-10-03T08:47:33+00:00\" \/>\n<meta name=\"twitter:card\" content=\"summary_large_image\" \/>\n<meta name=\"twitter:label1\" content=\"Est. reading time\" \/>\n\t<meta name=\"twitter:data1\" content=\"2 minutes\" \/>\n<script type=\"application\/ld+json\" class=\"yoast-schema-graph\">{\"@context\":\"https:\/\/schema.org\",\"@graph\":[{\"@type\":\"WebPage\",\"@id\":\"https:\/\/ou-avdagic.hr\/en\/our-team\/\",\"url\":\"https:\/\/ou-avdagic.hr\/en\/our-team\/\",\"name\":\"Our Team - Law Firm Avdagi\u0107 & Partners - Legal Services\",\"isPartOf\":{\"@id\":\"https:\/\/ou-avdagic.hr\/en\/#website\"},\"datePublished\":\"2014-07-04T10:06:07+00:00\",\"dateModified\":\"2024-10-03T08:47:33+00:00\",\"description\":\"Our Team - Law Firm Avdagi\u0107 & Partners - \u0160ibenik, 22 000, Kralja Dr\u017eislava Square 4 \u00b7 Zagreb, 10000, Goren\u0161\u010dak 17 \u00b7 master-office@ou-avdagic.hr\",\"breadcrumb\":{\"@id\":\"https:\/\/ou-avdagic.hr\/en\/our-team\/#breadcrumb\"},\"inLanguage\":\"en-US\",\"potentialAction\":[{\"@type\":\"ReadAction\",\"target\":[\"https:\/\/ou-avdagic.hr\/en\/our-team\/\"]}]},{\"@type\":\"BreadcrumbList\",\"@id\":\"https:\/\/ou-avdagic.hr\/en\/our-team\/#breadcrumb\",\"itemListElement\":[{\"@type\":\"ListItem\",\"position\":1,\"name\":\"Po\u010detna stranica\",\"item\":\"https:\/\/ou-avdagic.hr\/en\/\"},{\"@type\":\"ListItem\",\"position\":2,\"name\":\"Our Team\"}]},{\"@type\":\"WebSite\",\"@id\":\"https:\/\/ou-avdagic.hr\/en\/#website\",\"url\":\"https:\/\/ou-avdagic.hr\/en\/\",\"name\":\"Odvjetni\u010dki ured Avdagi\u0107\",\"description\":\"Pravne usluge\",\"publisher\":{\"@id\":\"https:\/\/ou-avdagic.hr\/en\/#organization\"},\"potentialAction\":[{\"@type\":\"SearchAction\",\"target\":{\"@type\":\"EntryPoint\",\"urlTemplate\":\"https:\/\/ou-avdagic.hr\/en\/?s={search_term_string}\"},\"query-input\":{\"@type\":\"PropertyValueSpecification\",\"valueRequired\":true,\"valueName\":\"search_term_string\"}}],\"inLanguage\":\"en-US\"},{\"@type\":\"Organization\",\"@id\":\"https:\/\/ou-avdagic.hr\/en\/#organization\",\"name\":\"Odvjetni\u010dki ured Avdagi\u0107\",\"url\":\"https:\/\/ou-avdagic.hr\/en\/\",\"logo\":{\"@type\":\"ImageObject\",\"inLanguage\":\"en-US\",\"@id\":\"https:\/\/ou-avdagic.hr\/en\/#\/schema\/logo\/image\/\",\"url\":\"https:\/\/ou-avdagic.hr\/wp-content\/uploads\/2015\/05\/odvjetnik-logo3.jpg\",\"contentUrl\":\"https:\/\/ou-avdagic.hr\/wp-content\/uploads\/2015\/05\/odvjetnik-logo3.jpg\",\"width\":1525,\"height\":583,\"caption\":\"Odvjetni\u010dki ured Avdagi\u0107\"},\"image\":{\"@id\":\"https:\/\/ou-avdagic.hr\/en\/#\/schema\/logo\/image\/\"},\"sameAs\":[\"https:\/\/www.linkedin.com\/in\/jasmin-avdagi\u0107\/\"]}]}<\/script>\n<!-- \/ Yoast SEO plugin. -->","yoast_head_json":{"title":"Our Team - Law Firm Avdagi\u0107 & Partners - Legal Services","description":"Our Team - Law Firm Avdagi\u0107 & Partners - \u0160ibenik, 22 000, Kralja Dr\u017eislava Square 4 \u00b7 Zagreb, 10000, Goren\u0161\u010dak 17 \u00b7 master-office@ou-avdagic.hr","robots":{"index":"index","follow":"follow","max-snippet":"max-snippet:-1","max-image-preview":"max-image-preview:large","max-video-preview":"max-video-preview:-1"},"canonical":"https:\/\/ou-avdagic.hr\/en\/our-team\/","og_locale":"en_US","og_type":"article","og_title":"Our Team - Law Firm Avdagi\u0107 & Partners - Legal Services","og_description":"Our Team - Law Firm Avdagi\u0107 & Partners - \u0160ibenik, 22 000, Kralja Dr\u017eislava Square 4 \u00b7 Zagreb, 10000, Goren\u0161\u010dak 17 \u00b7 master-office@ou-avdagic.hr","og_url":"https:\/\/ou-avdagic.hr\/en\/our-team\/","og_site_name":"Avdagi\u0107 i partneri odvjetni\u010dko dru\u0161tvo","article_modified_time":"2024-10-03T08:47:33+00:00","twitter_card":"summary_large_image","twitter_misc":{"Est. reading time":"2 minutes"},"schema":{"@context":"https:\/\/schema.org","@graph":[{"@type":"WebPage","@id":"https:\/\/ou-avdagic.hr\/en\/our-team\/","url":"https:\/\/ou-avdagic.hr\/en\/our-team\/","name":"Our Team - Law Firm Avdagi\u0107 & Partners - Legal Services","isPartOf":{"@id":"https:\/\/ou-avdagic.hr\/en\/#website"},"datePublished":"2014-07-04T10:06:07+00:00","dateModified":"2024-10-03T08:47:33+00:00","description":"Our Team - Law Firm Avdagi\u0107 & Partners - \u0160ibenik, 22 000, Kralja Dr\u017eislava Square 4 \u00b7 Zagreb, 10000, Goren\u0161\u010dak 17 \u00b7 master-office@ou-avdagic.hr","breadcrumb":{"@id":"https:\/\/ou-avdagic.hr\/en\/our-team\/#breadcrumb"},"inLanguage":"en-US","potentialAction":[{"@type":"ReadAction","target":["https:\/\/ou-avdagic.hr\/en\/our-team\/"]}]},{"@type":"BreadcrumbList","@id":"https:\/\/ou-avdagic.hr\/en\/our-team\/#breadcrumb","itemListElement":[{"@type":"ListItem","position":1,"name":"Po\u010detna stranica","item":"https:\/\/ou-avdagic.hr\/en\/"},{"@type":"ListItem","position":2,"name":"Our Team"}]},{"@type":"WebSite","@id":"https:\/\/ou-avdagic.hr\/en\/#website","url":"https:\/\/ou-avdagic.hr\/en\/","name":"Odvjetni\u010dki ured Avdagi\u0107","description":"Pravne usluge","publisher":{"@id":"https:\/\/ou-avdagic.hr\/en\/#organization"},"potentialAction":[{"@type":"SearchAction","target":{"@type":"EntryPoint","urlTemplate":"https:\/\/ou-avdagic.hr\/en\/?s={search_term_string}"},"query-input":{"@type":"PropertyValueSpecification","valueRequired":true,"valueName":"search_term_string"}}],"inLanguage":"en-US"},{"@type":"Organization","@id":"https:\/\/ou-avdagic.hr\/en\/#organization","name":"Odvjetni\u010dki ured Avdagi\u0107","url":"https:\/\/ou-avdagic.hr\/en\/","logo":{"@type":"ImageObject","inLanguage":"en-US","@id":"https:\/\/ou-avdagic.hr\/en\/#\/schema\/logo\/image\/","url":"https:\/\/ou-avdagic.hr\/wp-content\/uploads\/2015\/05\/odvjetnik-logo3.jpg","contentUrl":"https:\/\/ou-avdagic.hr\/wp-content\/uploads\/2015\/05\/odvjetnik-logo3.jpg","width":1525,"height":583,"caption":"Odvjetni\u010dki ured Avdagi\u0107"},"image":{"@id":"https:\/\/ou-avdagic.hr\/en\/#\/schema\/logo\/image\/"},"sameAs":["https:\/\/www.linkedin.com\/in\/jasmin-avdagi\u0107\/"]}]}},"_links":{"self":[{"href":"https:\/\/ou-avdagic.hr\/en\/wp-json\/wp\/v2\/pages\/10220","targetHints":{"allow":["GET"]}}],"collection":[{"href":"https:\/\/ou-avdagic.hr\/en\/wp-json\/wp\/v2\/pages"}],"about":[{"href":"https:\/\/ou-avdagic.hr\/en\/wp-json\/wp\/v2\/types\/page"}],"author":[{"embeddable":true,"href":"https:\/\/ou-avdagic.hr\/en\/wp-json\/wp\/v2\/users\/2"}],"replies":[{"embeddable":true,"href":"https:\/\/ou-avdagic.hr\/en\/wp-json\/wp\/v2\/comments?post=10220"}],"version-history":[{"count":34,"href":"https:\/\/ou-avdagic.hr\/en\/wp-json\/wp\/v2\/pages\/10220\/revisions"}],"predecessor-version":[{"id":12084,"href":"https:\/\/ou-avdagic.hr\/en\/wp-json\/wp\/v2\/pages\/10220\/revisions\/12084"}],"wp:attachment":[{"href":"https:\/\/ou-avdagic.hr\/en\/wp-json\/wp\/v2\/media?parent=10220"}],"curies":[{"name":"wp","href":"https:\/\/api.w.org\/{rel}","templated":true}]}}