{"id":11290,"date":"2019-05-30T15:35:45","date_gmt":"2019-05-30T15:35:45","guid":{"rendered":"https:\/\/ou-avdagic.hr\/ante-devcic\/"},"modified":"2024-09-22T15:04:40","modified_gmt":"2024-09-22T15:04:40","slug":"ante-devcic","status":"publish","type":"page","link":"https:\/\/ou-avdagic.hr\/en\/ante-devcic\/","title":{"rendered":"Ante Dev\u010di\u0107"},"content":{"rendered":"<div class=\"row \"><div class=\"wpv-grid grid-2-3  wpv-first-level first has-background unextended\" style=\"\n\t\t\t\tbackground: url( 'https:\/\/ou-avdagic.hr\/wp-content\/uploads\/2019\/05\/ante-portret-fotka-3.jpg' ) no-repeat center top;\n\t\t\t\tbackground-size: auto;\n\t\t\tpadding-top:400px;padding-bottom:0px\" id=\"wpv-column-78ecfc4382eb1f5ecc70a3918346dbb7\" ><\/div>\n<div class=\"wpv-grid grid-1-3 add-border wpv-first-level unextended\" style=\"padding-top:20px;padding-bottom:15px\" id=\"wpv-column-be882a5e11f759d057dedff0c6e7f7c3\" ><div class=\"row \"><div class=\"wpv-grid grid-1-1  first unextended animation-fade-in animated-active\" style=\"padding-top:0px;padding-bottom:0px\" id=\"wpv-column-52fc1dd1e2579f6d55847966abd8cfe0\" ><h4 style=\"padding-left: 11px;\">FIELD OF PRACTICE<\/h4>\n<p style=\"padding-left: 11px;\">Contract aw, Employment aw, Real estate projects, Commercial aw and Company aw, Litigation,<br \/>\nM &amp; A, Restructuring and insolvency, Collection of claims, Maritime law<br \/>\n<div class=\"push\" style='height:10px'><\/div>\n<h4 style=\"padding-left: 11px;\">MEMBERSHIP<\/h4>\n<p style=\"padding-left: 11px;\">Croatian Bar Association<br \/>\n<div class=\"push\" style='height:10px'><\/div>\n<h4 style=\"padding-left: 11px;\">LANGUAGES<\/h4>\n<p style=\"padding-left: 11px;\">English language<br \/>\n<div class=\"push\" style='height:10px'><\/div>\n<h4 style=\"padding-left: 11px;\">EDUCATION<\/h4>\n<p style=\"padding-left: 11px;\">Faculty of Law, University of Zagreb, Croatia<br \/>\nFaculty of Law, University of Split, Croatia<br \/>\nBar Exam<br \/>\n<div class=\"push\" style='height:10px'><\/div>\n<h4 style=\"padding-left: 11px;\">CONTACT<\/h4>\n<p style=\"padding-left: 11px;\">e-mail: <span style=\"color: #0000ff;\"><u><span style=\"font-family: Arial, sans-serif;\"><a href=\"mailto:master-offfice@ou-avdagic.hr\">master-offfice@ou-avdagic.hr<\/a><br \/>\n<\/span><\/u><\/span><\/p>\n<p style=\"padding-left: 11px;\"><span style=\"font-family: Arial, sans-serif; line-height: 1.5;\">Mob: +382 (0)91 &#8211; 5234 &#8211; 631<br \/>\nTel: +385 (0)22 &#8211; 214 &#8211; 114<br \/>\nFax: +385 (0)22 &#8211; 214 &#8211; 114<\/span><\/p>\n<p style=\"padding-left: 11px;\"><div class=\"push\" style='height:10px'><\/div><\/div><\/div><\/div><\/div>\n<div class=\"row \"><div class=\"wpv-grid grid-1-1  wpv-first-level first unextended\" style=\"padding-top:0px;padding-bottom:0px\" id=\"wpv-column-0ce5f00109d7276fd26e08126300e741\" ><\/div><\/div>\n","protected":false},"excerpt":{"rendered":"<p>FIELD OF PRACTICE Contract aw, Employment aw, Real estate projects, Commercial aw and Company aw, Litigation, M &amp; A, Restructuring and insolvency, Collection of claims, Maritime law MEMBERSHIP Croatian Bar Association LANGUAGES English language EDUCATION Faculty of Law, University of Zagreb, Croatia Faculty of Law, University of Split, Croatia Bar Exam CONTACT e-mail: master-offfice@ou-avdagic.hr Mob:&#8230;<\/p>\n","protected":false},"author":2,"featured_media":0,"parent":0,"menu_order":0,"comment_status":"closed","ping_status":"closed","template":"","meta":{"footnotes":""},"class_list":["post-11290","page","type-page","status-publish","hentry"],"yoast_head":"<!-- This site is optimized with the Yoast SEO plugin v26.6 - https:\/\/yoast.com\/wordpress\/plugins\/seo\/ -->\n<title>Ante Dev\u010di\u0107 - Law Firm Avdagi\u0107 &amp; Partners - Legal Services<\/title>\n<meta name=\"description\" content=\"Ante Dev\u010di\u0107 - Law Firm Avdagi\u0107 &amp; Partners - \u0160ibenik, 22 000, Kralja Dr\u017eislava Square 4 \u00b7 Zagreb, 10000, Goren\u0161\u010dak 17 \u00b7 master-office@ou-avdagic.hr\" \/>\n<meta name=\"robots\" content=\"index, follow, max-snippet:-1, max-image-preview:large, max-video-preview:-1\" \/>\n<link rel=\"canonical\" href=\"https:\/\/ou-avdagic.hr\/en\/ante-devcic\/\" \/>\n<meta property=\"og:locale\" content=\"en_US\" \/>\n<meta property=\"og:type\" content=\"article\" \/>\n<meta property=\"og:title\" content=\"Ante Dev\u010di\u0107 - Law Firm Avdagi\u0107 &amp; Partners - Legal Services\" \/>\n<meta property=\"og:description\" content=\"Ante Dev\u010di\u0107 - Law Firm Avdagi\u0107 &amp; Partners - \u0160ibenik, 22 000, Kralja Dr\u017eislava Square 4 \u00b7 Zagreb, 10000, Goren\u0161\u010dak 17 \u00b7 master-office@ou-avdagic.hr\" \/>\n<meta property=\"og:url\" content=\"https:\/\/ou-avdagic.hr\/en\/ante-devcic\/\" \/>\n<meta property=\"og:site_name\" content=\"Avdagi\u0107 i partneri odvjetni\u010dko dru\u0161tvo\" \/>\n<meta property=\"article:modified_time\" content=\"2024-09-22T15:04:40+00:00\" \/>\n<meta name=\"twitter:card\" content=\"summary_large_image\" \/>\n<meta name=\"twitter:label1\" content=\"Est. reading time\" \/>\n\t<meta name=\"twitter:data1\" content=\"1 minute\" \/>\n<script type=\"application\/ld+json\" class=\"yoast-schema-graph\">{\"@context\":\"https:\/\/schema.org\",\"@graph\":[{\"@type\":\"WebPage\",\"@id\":\"https:\/\/ou-avdagic.hr\/en\/ante-devcic\/\",\"url\":\"https:\/\/ou-avdagic.hr\/en\/ante-devcic\/\",\"name\":\"Ante Dev\u010di\u0107 - Law Firm Avdagi\u0107 & Partners - Legal Services\",\"isPartOf\":{\"@id\":\"https:\/\/ou-avdagic.hr\/en\/#website\"},\"datePublished\":\"2019-05-30T15:35:45+00:00\",\"dateModified\":\"2024-09-22T15:04:40+00:00\",\"description\":\"Ante Dev\u010di\u0107 - Law Firm Avdagi\u0107 & Partners - \u0160ibenik, 22 000, Kralja Dr\u017eislava Square 4 \u00b7 Zagreb, 10000, Goren\u0161\u010dak 17 \u00b7 master-office@ou-avdagic.hr\",\"breadcrumb\":{\"@id\":\"https:\/\/ou-avdagic.hr\/en\/ante-devcic\/#breadcrumb\"},\"inLanguage\":\"en-US\",\"potentialAction\":[{\"@type\":\"ReadAction\",\"target\":[\"https:\/\/ou-avdagic.hr\/en\/ante-devcic\/\"]}]},{\"@type\":\"BreadcrumbList\",\"@id\":\"https:\/\/ou-avdagic.hr\/en\/ante-devcic\/#breadcrumb\",\"itemListElement\":[{\"@type\":\"ListItem\",\"position\":1,\"name\":\"Po\u010detna stranica\",\"item\":\"https:\/\/ou-avdagic.hr\/en\/\"},{\"@type\":\"ListItem\",\"position\":2,\"name\":\"Ante Dev\u010di\u0107\"}]},{\"@type\":\"WebSite\",\"@id\":\"https:\/\/ou-avdagic.hr\/en\/#website\",\"url\":\"https:\/\/ou-avdagic.hr\/en\/\",\"name\":\"Odvjetni\u010dki ured Avdagi\u0107\",\"description\":\"Pravne usluge\",\"publisher\":{\"@id\":\"https:\/\/ou-avdagic.hr\/en\/#organization\"},\"potentialAction\":[{\"@type\":\"SearchAction\",\"target\":{\"@type\":\"EntryPoint\",\"urlTemplate\":\"https:\/\/ou-avdagic.hr\/en\/?s={search_term_string}\"},\"query-input\":{\"@type\":\"PropertyValueSpecification\",\"valueRequired\":true,\"valueName\":\"search_term_string\"}}],\"inLanguage\":\"en-US\"},{\"@type\":\"Organization\",\"@id\":\"https:\/\/ou-avdagic.hr\/en\/#organization\",\"name\":\"Odvjetni\u010dki ured Avdagi\u0107\",\"url\":\"https:\/\/ou-avdagic.hr\/en\/\",\"logo\":{\"@type\":\"ImageObject\",\"inLanguage\":\"en-US\",\"@id\":\"https:\/\/ou-avdagic.hr\/en\/#\/schema\/logo\/image\/\",\"url\":\"https:\/\/ou-avdagic.hr\/wp-content\/uploads\/2015\/05\/odvjetnik-logo3.jpg\",\"contentUrl\":\"https:\/\/ou-avdagic.hr\/wp-content\/uploads\/2015\/05\/odvjetnik-logo3.jpg\",\"width\":1525,\"height\":583,\"caption\":\"Odvjetni\u010dki ured Avdagi\u0107\"},\"image\":{\"@id\":\"https:\/\/ou-avdagic.hr\/en\/#\/schema\/logo\/image\/\"},\"sameAs\":[\"https:\/\/www.linkedin.com\/in\/jasmin-avdagi\u0107\/\"]}]}<\/script>\n<!-- \/ Yoast SEO plugin. -->","yoast_head_json":{"title":"Ante Dev\u010di\u0107 - Law Firm Avdagi\u0107 & Partners - Legal Services","description":"Ante Dev\u010di\u0107 - Law Firm Avdagi\u0107 & Partners - \u0160ibenik, 22 000, Kralja Dr\u017eislava Square 4 \u00b7 Zagreb, 10000, Goren\u0161\u010dak 17 \u00b7 master-office@ou-avdagic.hr","robots":{"index":"index","follow":"follow","max-snippet":"max-snippet:-1","max-image-preview":"max-image-preview:large","max-video-preview":"max-video-preview:-1"},"canonical":"https:\/\/ou-avdagic.hr\/en\/ante-devcic\/","og_locale":"en_US","og_type":"article","og_title":"Ante Dev\u010di\u0107 - Law Firm Avdagi\u0107 & Partners - Legal Services","og_description":"Ante Dev\u010di\u0107 - Law Firm Avdagi\u0107 & Partners - \u0160ibenik, 22 000, Kralja Dr\u017eislava Square 4 \u00b7 Zagreb, 10000, Goren\u0161\u010dak 17 \u00b7 master-office@ou-avdagic.hr","og_url":"https:\/\/ou-avdagic.hr\/en\/ante-devcic\/","og_site_name":"Avdagi\u0107 i partneri odvjetni\u010dko dru\u0161tvo","article_modified_time":"2024-09-22T15:04:40+00:00","twitter_card":"summary_large_image","twitter_misc":{"Est. reading time":"1 minute"},"schema":{"@context":"https:\/\/schema.org","@graph":[{"@type":"WebPage","@id":"https:\/\/ou-avdagic.hr\/en\/ante-devcic\/","url":"https:\/\/ou-avdagic.hr\/en\/ante-devcic\/","name":"Ante Dev\u010di\u0107 - Law Firm Avdagi\u0107 & Partners - Legal Services","isPartOf":{"@id":"https:\/\/ou-avdagic.hr\/en\/#website"},"datePublished":"2019-05-30T15:35:45+00:00","dateModified":"2024-09-22T15:04:40+00:00","description":"Ante Dev\u010di\u0107 - Law Firm Avdagi\u0107 & Partners - \u0160ibenik, 22 000, Kralja Dr\u017eislava Square 4 \u00b7 Zagreb, 10000, Goren\u0161\u010dak 17 \u00b7 master-office@ou-avdagic.hr","breadcrumb":{"@id":"https:\/\/ou-avdagic.hr\/en\/ante-devcic\/#breadcrumb"},"inLanguage":"en-US","potentialAction":[{"@type":"ReadAction","target":["https:\/\/ou-avdagic.hr\/en\/ante-devcic\/"]}]},{"@type":"BreadcrumbList","@id":"https:\/\/ou-avdagic.hr\/en\/ante-devcic\/#breadcrumb","itemListElement":[{"@type":"ListItem","position":1,"name":"Po\u010detna stranica","item":"https:\/\/ou-avdagic.hr\/en\/"},{"@type":"ListItem","position":2,"name":"Ante Dev\u010di\u0107"}]},{"@type":"WebSite","@id":"https:\/\/ou-avdagic.hr\/en\/#website","url":"https:\/\/ou-avdagic.hr\/en\/","name":"Odvjetni\u010dki ured Avdagi\u0107","description":"Pravne usluge","publisher":{"@id":"https:\/\/ou-avdagic.hr\/en\/#organization"},"potentialAction":[{"@type":"SearchAction","target":{"@type":"EntryPoint","urlTemplate":"https:\/\/ou-avdagic.hr\/en\/?s={search_term_string}"},"query-input":{"@type":"PropertyValueSpecification","valueRequired":true,"valueName":"search_term_string"}}],"inLanguage":"en-US"},{"@type":"Organization","@id":"https:\/\/ou-avdagic.hr\/en\/#organization","name":"Odvjetni\u010dki ured Avdagi\u0107","url":"https:\/\/ou-avdagic.hr\/en\/","logo":{"@type":"ImageObject","inLanguage":"en-US","@id":"https:\/\/ou-avdagic.hr\/en\/#\/schema\/logo\/image\/","url":"https:\/\/ou-avdagic.hr\/wp-content\/uploads\/2015\/05\/odvjetnik-logo3.jpg","contentUrl":"https:\/\/ou-avdagic.hr\/wp-content\/uploads\/2015\/05\/odvjetnik-logo3.jpg","width":1525,"height":583,"caption":"Odvjetni\u010dki ured Avdagi\u0107"},"image":{"@id":"https:\/\/ou-avdagic.hr\/en\/#\/schema\/logo\/image\/"},"sameAs":["https:\/\/www.linkedin.com\/in\/jasmin-avdagi\u0107\/"]}]}},"_links":{"self":[{"href":"https:\/\/ou-avdagic.hr\/en\/wp-json\/wp\/v2\/pages\/11290","targetHints":{"allow":["GET"]}}],"collection":[{"href":"https:\/\/ou-avdagic.hr\/en\/wp-json\/wp\/v2\/pages"}],"about":[{"href":"https:\/\/ou-avdagic.hr\/en\/wp-json\/wp\/v2\/types\/page"}],"author":[{"embeddable":true,"href":"https:\/\/ou-avdagic.hr\/en\/wp-json\/wp\/v2\/users\/2"}],"replies":[{"embeddable":true,"href":"https:\/\/ou-avdagic.hr\/en\/wp-json\/wp\/v2\/comments?post=11290"}],"version-history":[{"count":16,"href":"https:\/\/ou-avdagic.hr\/en\/wp-json\/wp\/v2\/pages\/11290\/revisions"}],"predecessor-version":[{"id":11930,"href":"https:\/\/ou-avdagic.hr\/en\/wp-json\/wp\/v2\/pages\/11290\/revisions\/11930"}],"wp:attachment":[{"href":"https:\/\/ou-avdagic.hr\/en\/wp-json\/wp\/v2\/media?parent=11290"}],"curies":[{"name":"wp","href":"https:\/\/api.w.org\/{rel}","templated":true}]}}