{"id":11576,"date":"2019-06-03T08:02:21","date_gmt":"2019-06-03T08:02:21","guid":{"rendered":"https:\/\/ou-avdagic.hr\/asja-zlatoper-2\/"},"modified":"2023-02-19T17:05:19","modified_gmt":"2023-02-19T17:05:19","slug":"asja-zlatoper","status":"publish","type":"page","link":"https:\/\/ou-avdagic.hr\/en\/asja-zlatoper\/","title":{"rendered":"Asja Zlatoper"},"content":{"rendered":"<div class=\"row \"><div class=\"wpv-grid grid-2-3  wpv-first-level first has-background unextended\" style=\"\n\t\t\t\tbackground: url( 'https:\/\/ou-avdagic.hr\/wp-content\/uploads\/2019\/05\/asja-fotka.jpg' ) no-repeat center top;\n\t\t\t\tbackground-size: auto;\n\t\t\tpadding-top:400px;padding-bottom:0px\" id=\"wpv-column-196aede3cdb0eac8cb5ed5f0f6f9c9ba\" ><\/div>\n<div class=\"wpv-grid grid-1-3 add-border wpv-first-level unextended\" style=\"padding-top:20px;padding-bottom:15px\" id=\"wpv-column-de917bd71cf0231428d6adcac7d4acb8\" ><div class=\"row \"><div class=\"wpv-grid grid-1-1  first unextended animation-fade-in animated-active\" style=\"padding-top:0px;padding-bottom:0px\" id=\"wpv-column-c5d0db2a7bccd27214507e0a9443e411\" ><h4 style=\"padding-left: 11px;\">ADMINISTRATIVE SECRETARY<br \/>\nAND THE HEAD OF THE ACCOUNTS DEPARTMENT<\/h4>\n<h4 style=\"padding-left: 11px;\">CONTACT<\/h4>\n<p style=\"padding-left: 11px;\">e-mail:\u00a0<a title=\"email Asja Zlatoper\" href=\"mailto:master-office@ou-avdagic.hr\">master-office@ou-avdagic.hr<\/a><\/p>\n<p style=\"padding-left: 11px;\"><span style=\"font-family: Arial, sans-serif; line-height: 1.5;\">Tel: +385 (0)22 &#8211; 214 &#8211; 114<br \/>\nFax: +385 (0)22 &#8211; 214 &#8211; 114<\/span><\/p>\n<p style=\"padding-left: 11px;\"><div class=\"push\" style='height:10px'><\/div><\/div><\/div><\/div><\/div>\n<div class=\"push\" style='height:50px'><\/div>\n","protected":false},"excerpt":{"rendered":"<p>ADMINISTRATIVE SECRETARY AND THE HEAD OF THE ACCOUNTS DEPARTMENT CONTACT e-mail:\u00a0master-office@ou-avdagic.hr Tel: +385 (0)22 &#8211; 214 &#8211; 114 Fax: +385 (0)22 &#8211; 214 &#8211; 114<\/p>\n","protected":false},"author":2,"featured_media":0,"parent":0,"menu_order":0,"comment_status":"closed","ping_status":"closed","template":"","meta":{"footnotes":""},"class_list":["post-11576","page","type-page","status-publish","hentry"],"yoast_head":"<!-- This site is optimized with the Yoast SEO plugin v26.6 - https:\/\/yoast.com\/wordpress\/plugins\/seo\/ -->\n<title>Asja Zlatoper - Law Firm Avdagi\u0107 &amp; Partners - Legal Services<\/title>\n<meta name=\"description\" content=\"Asja Zlatoper - Law Firm Avdagi\u0107 &amp; Partners - \u0160ibenik, 22 000, Kralja Dr\u017eislava Square 4 \u00b7 Zagreb, 10000, Goren\u0161\u010dak 17 \u00b7 master-office@ou-avdagic.hr\" \/>\n<meta name=\"robots\" content=\"index, follow, max-snippet:-1, max-image-preview:large, max-video-preview:-1\" \/>\n<link rel=\"canonical\" href=\"https:\/\/ou-avdagic.hr\/en\/asja-zlatoper\/\" \/>\n<meta property=\"og:locale\" content=\"en_US\" \/>\n<meta property=\"og:type\" content=\"article\" \/>\n<meta property=\"og:title\" content=\"Asja Zlatoper - Law Firm Avdagi\u0107 &amp; Partners - Legal Services\" \/>\n<meta property=\"og:description\" content=\"Asja Zlatoper - Law Firm Avdagi\u0107 &amp; Partners - \u0160ibenik, 22 000, Kralja Dr\u017eislava Square 4 \u00b7 Zagreb, 10000, Goren\u0161\u010dak 17 \u00b7 master-office@ou-avdagic.hr\" \/>\n<meta property=\"og:url\" content=\"https:\/\/ou-avdagic.hr\/en\/asja-zlatoper\/\" \/>\n<meta property=\"og:site_name\" content=\"Avdagi\u0107 i partneri odvjetni\u010dko dru\u0161tvo\" \/>\n<meta property=\"article:modified_time\" content=\"2023-02-19T17:05:19+00:00\" \/>\n<meta name=\"twitter:card\" content=\"summary_large_image\" \/>\n<meta name=\"twitter:label1\" content=\"Est. reading time\" \/>\n\t<meta name=\"twitter:data1\" content=\"1 minute\" \/>\n<script type=\"application\/ld+json\" class=\"yoast-schema-graph\">{\"@context\":\"https:\/\/schema.org\",\"@graph\":[{\"@type\":\"WebPage\",\"@id\":\"https:\/\/ou-avdagic.hr\/en\/asja-zlatoper\/\",\"url\":\"https:\/\/ou-avdagic.hr\/en\/asja-zlatoper\/\",\"name\":\"Asja Zlatoper - Law Firm Avdagi\u0107 & Partners - Legal Services\",\"isPartOf\":{\"@id\":\"https:\/\/ou-avdagic.hr\/en\/#website\"},\"datePublished\":\"2019-06-03T08:02:21+00:00\",\"dateModified\":\"2023-02-19T17:05:19+00:00\",\"description\":\"Asja Zlatoper - Law Firm Avdagi\u0107 & Partners - \u0160ibenik, 22 000, Kralja Dr\u017eislava Square 4 \u00b7 Zagreb, 10000, Goren\u0161\u010dak 17 \u00b7 master-office@ou-avdagic.hr\",\"breadcrumb\":{\"@id\":\"https:\/\/ou-avdagic.hr\/en\/asja-zlatoper\/#breadcrumb\"},\"inLanguage\":\"en-US\",\"potentialAction\":[{\"@type\":\"ReadAction\",\"target\":[\"https:\/\/ou-avdagic.hr\/en\/asja-zlatoper\/\"]}]},{\"@type\":\"BreadcrumbList\",\"@id\":\"https:\/\/ou-avdagic.hr\/en\/asja-zlatoper\/#breadcrumb\",\"itemListElement\":[{\"@type\":\"ListItem\",\"position\":1,\"name\":\"Po\u010detna stranica\",\"item\":\"https:\/\/ou-avdagic.hr\/en\/\"},{\"@type\":\"ListItem\",\"position\":2,\"name\":\"Asja Zlatoper\"}]},{\"@type\":\"WebSite\",\"@id\":\"https:\/\/ou-avdagic.hr\/en\/#website\",\"url\":\"https:\/\/ou-avdagic.hr\/en\/\",\"name\":\"Odvjetni\u010dki ured Avdagi\u0107\",\"description\":\"Pravne usluge\",\"publisher\":{\"@id\":\"https:\/\/ou-avdagic.hr\/en\/#organization\"},\"potentialAction\":[{\"@type\":\"SearchAction\",\"target\":{\"@type\":\"EntryPoint\",\"urlTemplate\":\"https:\/\/ou-avdagic.hr\/en\/?s={search_term_string}\"},\"query-input\":{\"@type\":\"PropertyValueSpecification\",\"valueRequired\":true,\"valueName\":\"search_term_string\"}}],\"inLanguage\":\"en-US\"},{\"@type\":\"Organization\",\"@id\":\"https:\/\/ou-avdagic.hr\/en\/#organization\",\"name\":\"Odvjetni\u010dki ured Avdagi\u0107\",\"url\":\"https:\/\/ou-avdagic.hr\/en\/\",\"logo\":{\"@type\":\"ImageObject\",\"inLanguage\":\"en-US\",\"@id\":\"https:\/\/ou-avdagic.hr\/en\/#\/schema\/logo\/image\/\",\"url\":\"https:\/\/ou-avdagic.hr\/wp-content\/uploads\/2015\/05\/odvjetnik-logo3.jpg\",\"contentUrl\":\"https:\/\/ou-avdagic.hr\/wp-content\/uploads\/2015\/05\/odvjetnik-logo3.jpg\",\"width\":1525,\"height\":583,\"caption\":\"Odvjetni\u010dki ured Avdagi\u0107\"},\"image\":{\"@id\":\"https:\/\/ou-avdagic.hr\/en\/#\/schema\/logo\/image\/\"},\"sameAs\":[\"https:\/\/www.linkedin.com\/in\/jasmin-avdagi\u0107\/\"]}]}<\/script>\n<!-- \/ Yoast SEO plugin. -->","yoast_head_json":{"title":"Asja Zlatoper - Law Firm Avdagi\u0107 & Partners - Legal Services","description":"Asja Zlatoper - Law Firm Avdagi\u0107 & Partners - \u0160ibenik, 22 000, Kralja Dr\u017eislava Square 4 \u00b7 Zagreb, 10000, Goren\u0161\u010dak 17 \u00b7 master-office@ou-avdagic.hr","robots":{"index":"index","follow":"follow","max-snippet":"max-snippet:-1","max-image-preview":"max-image-preview:large","max-video-preview":"max-video-preview:-1"},"canonical":"https:\/\/ou-avdagic.hr\/en\/asja-zlatoper\/","og_locale":"en_US","og_type":"article","og_title":"Asja Zlatoper - Law Firm Avdagi\u0107 & Partners - Legal Services","og_description":"Asja Zlatoper - Law Firm Avdagi\u0107 & Partners - \u0160ibenik, 22 000, Kralja Dr\u017eislava Square 4 \u00b7 Zagreb, 10000, Goren\u0161\u010dak 17 \u00b7 master-office@ou-avdagic.hr","og_url":"https:\/\/ou-avdagic.hr\/en\/asja-zlatoper\/","og_site_name":"Avdagi\u0107 i partneri odvjetni\u010dko dru\u0161tvo","article_modified_time":"2023-02-19T17:05:19+00:00","twitter_card":"summary_large_image","twitter_misc":{"Est. reading time":"1 minute"},"schema":{"@context":"https:\/\/schema.org","@graph":[{"@type":"WebPage","@id":"https:\/\/ou-avdagic.hr\/en\/asja-zlatoper\/","url":"https:\/\/ou-avdagic.hr\/en\/asja-zlatoper\/","name":"Asja Zlatoper - Law Firm Avdagi\u0107 & Partners - Legal Services","isPartOf":{"@id":"https:\/\/ou-avdagic.hr\/en\/#website"},"datePublished":"2019-06-03T08:02:21+00:00","dateModified":"2023-02-19T17:05:19+00:00","description":"Asja Zlatoper - Law Firm Avdagi\u0107 & Partners - \u0160ibenik, 22 000, Kralja Dr\u017eislava Square 4 \u00b7 Zagreb, 10000, Goren\u0161\u010dak 17 \u00b7 master-office@ou-avdagic.hr","breadcrumb":{"@id":"https:\/\/ou-avdagic.hr\/en\/asja-zlatoper\/#breadcrumb"},"inLanguage":"en-US","potentialAction":[{"@type":"ReadAction","target":["https:\/\/ou-avdagic.hr\/en\/asja-zlatoper\/"]}]},{"@type":"BreadcrumbList","@id":"https:\/\/ou-avdagic.hr\/en\/asja-zlatoper\/#breadcrumb","itemListElement":[{"@type":"ListItem","position":1,"name":"Po\u010detna stranica","item":"https:\/\/ou-avdagic.hr\/en\/"},{"@type":"ListItem","position":2,"name":"Asja Zlatoper"}]},{"@type":"WebSite","@id":"https:\/\/ou-avdagic.hr\/en\/#website","url":"https:\/\/ou-avdagic.hr\/en\/","name":"Odvjetni\u010dki ured Avdagi\u0107","description":"Pravne usluge","publisher":{"@id":"https:\/\/ou-avdagic.hr\/en\/#organization"},"potentialAction":[{"@type":"SearchAction","target":{"@type":"EntryPoint","urlTemplate":"https:\/\/ou-avdagic.hr\/en\/?s={search_term_string}"},"query-input":{"@type":"PropertyValueSpecification","valueRequired":true,"valueName":"search_term_string"}}],"inLanguage":"en-US"},{"@type":"Organization","@id":"https:\/\/ou-avdagic.hr\/en\/#organization","name":"Odvjetni\u010dki ured Avdagi\u0107","url":"https:\/\/ou-avdagic.hr\/en\/","logo":{"@type":"ImageObject","inLanguage":"en-US","@id":"https:\/\/ou-avdagic.hr\/en\/#\/schema\/logo\/image\/","url":"https:\/\/ou-avdagic.hr\/wp-content\/uploads\/2015\/05\/odvjetnik-logo3.jpg","contentUrl":"https:\/\/ou-avdagic.hr\/wp-content\/uploads\/2015\/05\/odvjetnik-logo3.jpg","width":1525,"height":583,"caption":"Odvjetni\u010dki ured Avdagi\u0107"},"image":{"@id":"https:\/\/ou-avdagic.hr\/en\/#\/schema\/logo\/image\/"},"sameAs":["https:\/\/www.linkedin.com\/in\/jasmin-avdagi\u0107\/"]}]}},"_links":{"self":[{"href":"https:\/\/ou-avdagic.hr\/en\/wp-json\/wp\/v2\/pages\/11576","targetHints":{"allow":["GET"]}}],"collection":[{"href":"https:\/\/ou-avdagic.hr\/en\/wp-json\/wp\/v2\/pages"}],"about":[{"href":"https:\/\/ou-avdagic.hr\/en\/wp-json\/wp\/v2\/types\/page"}],"author":[{"embeddable":true,"href":"https:\/\/ou-avdagic.hr\/en\/wp-json\/wp\/v2\/users\/2"}],"replies":[{"embeddable":true,"href":"https:\/\/ou-avdagic.hr\/en\/wp-json\/wp\/v2\/comments?post=11576"}],"version-history":[{"count":8,"href":"https:\/\/ou-avdagic.hr\/en\/wp-json\/wp\/v2\/pages\/11576\/revisions"}],"predecessor-version":[{"id":11837,"href":"https:\/\/ou-avdagic.hr\/en\/wp-json\/wp\/v2\/pages\/11576\/revisions\/11837"}],"wp:attachment":[{"href":"https:\/\/ou-avdagic.hr\/en\/wp-json\/wp\/v2\/media?parent=11576"}],"curies":[{"name":"wp","href":"https:\/\/api.w.org\/{rel}","templated":true}]}}