{"id":11908,"date":"2024-09-22T14:02:30","date_gmt":"2024-09-22T14:02:30","guid":{"rendered":"https:\/\/ou-avdagic.hr\/sports-law\/"},"modified":"2024-09-22T14:08:38","modified_gmt":"2024-09-22T14:08:38","slug":"sports-law","status":"publish","type":"page","link":"https:\/\/ou-avdagic.hr\/en\/sports-law\/","title":{"rendered":"Sports Law"},"content":{"rendered":"<div class=\"row \"><div class=\"wpv-grid grid-1-1  wpv-first-level first unextended\" style=\"padding-top:0px;padding-bottom:0px\" id=\"wpv-column-9cb8bdb576ab184fd63017fe00864c8d\" ><blockquote><p><span class=\"title\">Sports Law<\/span><\/p><\/blockquote>\n<ul>\n<li style=\"font-weight: 400;\">Representation of athletes, clubs, agencies and other participants in sports<\/li>\n<li style=\"font-weight: 400;\">Resolving sports disputes through mediation and arbitration<\/li>\n<li style=\"font-weight: 400;\">Representation of parties in sports dispute resolutions<\/li>\n<li style=\"font-weight: 400;\">Advising clubs, players and intermediaries on various sports regulations<\/li>\n<\/ul><\/div><\/div>\n<div class=\"push\" style='height:40px'><\/div>\n<div class=\"row \"><div class=\"wpv-grid grid-1-1  wpv-first-level first unextended\" style=\"padding-top:0px;padding-bottom:0px\" id=\"wpv-column-14ec3709d999761439723e1b45cf7983\" ><p><span style=\"color: #ffffff;\"><a style=\"color: #ffffff;\" href=\"https:\/\/ou-avdagic.hr\/\">naslovna<\/a> <a style=\"color: #ffffff;\" href=\"http:\/\/www.hok-cba.hr\/\">hok<\/a><\/span><\/div><\/div>\n","protected":false},"excerpt":{"rendered":"<p>Sports Law Representation of athletes, clubs, agencies and other participants in sports Resolving sports disputes through mediation and arbitration Representation of parties in sports dispute resolutions Advising clubs, players and intermediaries on various sports regulations naslovna hok<\/p>\n","protected":false},"author":2,"featured_media":0,"parent":0,"menu_order":0,"comment_status":"closed","ping_status":"closed","template":"","meta":{"footnotes":""},"class_list":["post-11908","page","type-page","status-publish","hentry"],"yoast_head":"<!-- This site is optimized with the Yoast SEO plugin v26.6 - https:\/\/yoast.com\/wordpress\/plugins\/seo\/ -->\n<title>Sports Law - Law Firm Avdagi\u0107 &amp; Partners - Legal Services<\/title>\n<meta name=\"description\" content=\"Sports Law - Law Firm Avdagi\u0107 &amp; Partners - \u0160ibenik, 22 000, Kralja Dr\u017eislava Square 4 \u00b7 Zagreb, 10000, Goren\u0161\u010dak 17 \u00b7 master-office@ou-avdagic.hr\" \/>\n<meta name=\"robots\" content=\"index, follow, max-snippet:-1, max-image-preview:large, max-video-preview:-1\" \/>\n<link rel=\"canonical\" href=\"https:\/\/ou-avdagic.hr\/en\/sports-law\/\" \/>\n<meta property=\"og:locale\" content=\"en_US\" \/>\n<meta property=\"og:type\" content=\"article\" \/>\n<meta property=\"og:title\" content=\"Sports Law - Law Firm Avdagi\u0107 &amp; Partners - Legal Services\" \/>\n<meta property=\"og:description\" content=\"Sports Law - Law Firm Avdagi\u0107 &amp; Partners - \u0160ibenik, 22 000, Kralja Dr\u017eislava Square 4 \u00b7 Zagreb, 10000, Goren\u0161\u010dak 17 \u00b7 master-office@ou-avdagic.hr\" \/>\n<meta property=\"og:url\" content=\"https:\/\/ou-avdagic.hr\/en\/sports-law\/\" \/>\n<meta property=\"og:site_name\" content=\"Avdagi\u0107 i partneri odvjetni\u010dko dru\u0161tvo\" \/>\n<meta property=\"article:modified_time\" content=\"2024-09-22T14:08:38+00:00\" \/>\n<meta name=\"twitter:card\" content=\"summary_large_image\" \/>\n<meta name=\"twitter:label1\" content=\"Est. reading time\" \/>\n\t<meta name=\"twitter:data1\" content=\"1 minute\" \/>\n<script type=\"application\/ld+json\" class=\"yoast-schema-graph\">{\"@context\":\"https:\/\/schema.org\",\"@graph\":[{\"@type\":\"WebPage\",\"@id\":\"https:\/\/ou-avdagic.hr\/en\/sports-law\/\",\"url\":\"https:\/\/ou-avdagic.hr\/en\/sports-law\/\",\"name\":\"Sports Law - Law Firm Avdagi\u0107 & Partners - Legal Services\",\"isPartOf\":{\"@id\":\"https:\/\/ou-avdagic.hr\/en\/#website\"},\"datePublished\":\"2024-09-22T14:02:30+00:00\",\"dateModified\":\"2024-09-22T14:08:38+00:00\",\"description\":\"Sports Law - Law Firm Avdagi\u0107 & Partners - \u0160ibenik, 22 000, Kralja Dr\u017eislava Square 4 \u00b7 Zagreb, 10000, Goren\u0161\u010dak 17 \u00b7 master-office@ou-avdagic.hr\",\"breadcrumb\":{\"@id\":\"https:\/\/ou-avdagic.hr\/en\/sports-law\/#breadcrumb\"},\"inLanguage\":\"en-US\",\"potentialAction\":[{\"@type\":\"ReadAction\",\"target\":[\"https:\/\/ou-avdagic.hr\/en\/sports-law\/\"]}]},{\"@type\":\"BreadcrumbList\",\"@id\":\"https:\/\/ou-avdagic.hr\/en\/sports-law\/#breadcrumb\",\"itemListElement\":[{\"@type\":\"ListItem\",\"position\":1,\"name\":\"Po\u010detna stranica\",\"item\":\"https:\/\/ou-avdagic.hr\/en\/\"},{\"@type\":\"ListItem\",\"position\":2,\"name\":\"Sports Law\"}]},{\"@type\":\"WebSite\",\"@id\":\"https:\/\/ou-avdagic.hr\/en\/#website\",\"url\":\"https:\/\/ou-avdagic.hr\/en\/\",\"name\":\"Odvjetni\u010dki ured Avdagi\u0107\",\"description\":\"Pravne usluge\",\"publisher\":{\"@id\":\"https:\/\/ou-avdagic.hr\/en\/#organization\"},\"potentialAction\":[{\"@type\":\"SearchAction\",\"target\":{\"@type\":\"EntryPoint\",\"urlTemplate\":\"https:\/\/ou-avdagic.hr\/en\/?s={search_term_string}\"},\"query-input\":{\"@type\":\"PropertyValueSpecification\",\"valueRequired\":true,\"valueName\":\"search_term_string\"}}],\"inLanguage\":\"en-US\"},{\"@type\":\"Organization\",\"@id\":\"https:\/\/ou-avdagic.hr\/en\/#organization\",\"name\":\"Odvjetni\u010dki ured Avdagi\u0107\",\"url\":\"https:\/\/ou-avdagic.hr\/en\/\",\"logo\":{\"@type\":\"ImageObject\",\"inLanguage\":\"en-US\",\"@id\":\"https:\/\/ou-avdagic.hr\/en\/#\/schema\/logo\/image\/\",\"url\":\"https:\/\/ou-avdagic.hr\/wp-content\/uploads\/2015\/05\/odvjetnik-logo3.jpg\",\"contentUrl\":\"https:\/\/ou-avdagic.hr\/wp-content\/uploads\/2015\/05\/odvjetnik-logo3.jpg\",\"width\":1525,\"height\":583,\"caption\":\"Odvjetni\u010dki ured Avdagi\u0107\"},\"image\":{\"@id\":\"https:\/\/ou-avdagic.hr\/en\/#\/schema\/logo\/image\/\"},\"sameAs\":[\"https:\/\/www.linkedin.com\/in\/jasmin-avdagi\u0107\/\"]}]}<\/script>\n<!-- \/ Yoast SEO plugin. -->","yoast_head_json":{"title":"Sports Law - Law Firm Avdagi\u0107 & Partners - Legal Services","description":"Sports Law - Law Firm Avdagi\u0107 & Partners - \u0160ibenik, 22 000, Kralja Dr\u017eislava Square 4 \u00b7 Zagreb, 10000, Goren\u0161\u010dak 17 \u00b7 master-office@ou-avdagic.hr","robots":{"index":"index","follow":"follow","max-snippet":"max-snippet:-1","max-image-preview":"max-image-preview:large","max-video-preview":"max-video-preview:-1"},"canonical":"https:\/\/ou-avdagic.hr\/en\/sports-law\/","og_locale":"en_US","og_type":"article","og_title":"Sports Law - Law Firm Avdagi\u0107 & Partners - Legal Services","og_description":"Sports Law - Law Firm Avdagi\u0107 & Partners - \u0160ibenik, 22 000, Kralja Dr\u017eislava Square 4 \u00b7 Zagreb, 10000, Goren\u0161\u010dak 17 \u00b7 master-office@ou-avdagic.hr","og_url":"https:\/\/ou-avdagic.hr\/en\/sports-law\/","og_site_name":"Avdagi\u0107 i partneri odvjetni\u010dko dru\u0161tvo","article_modified_time":"2024-09-22T14:08:38+00:00","twitter_card":"summary_large_image","twitter_misc":{"Est. reading time":"1 minute"},"schema":{"@context":"https:\/\/schema.org","@graph":[{"@type":"WebPage","@id":"https:\/\/ou-avdagic.hr\/en\/sports-law\/","url":"https:\/\/ou-avdagic.hr\/en\/sports-law\/","name":"Sports Law - Law Firm Avdagi\u0107 & Partners - Legal Services","isPartOf":{"@id":"https:\/\/ou-avdagic.hr\/en\/#website"},"datePublished":"2024-09-22T14:02:30+00:00","dateModified":"2024-09-22T14:08:38+00:00","description":"Sports Law - Law Firm Avdagi\u0107 & Partners - \u0160ibenik, 22 000, Kralja Dr\u017eislava Square 4 \u00b7 Zagreb, 10000, Goren\u0161\u010dak 17 \u00b7 master-office@ou-avdagic.hr","breadcrumb":{"@id":"https:\/\/ou-avdagic.hr\/en\/sports-law\/#breadcrumb"},"inLanguage":"en-US","potentialAction":[{"@type":"ReadAction","target":["https:\/\/ou-avdagic.hr\/en\/sports-law\/"]}]},{"@type":"BreadcrumbList","@id":"https:\/\/ou-avdagic.hr\/en\/sports-law\/#breadcrumb","itemListElement":[{"@type":"ListItem","position":1,"name":"Po\u010detna stranica","item":"https:\/\/ou-avdagic.hr\/en\/"},{"@type":"ListItem","position":2,"name":"Sports Law"}]},{"@type":"WebSite","@id":"https:\/\/ou-avdagic.hr\/en\/#website","url":"https:\/\/ou-avdagic.hr\/en\/","name":"Odvjetni\u010dki ured Avdagi\u0107","description":"Pravne usluge","publisher":{"@id":"https:\/\/ou-avdagic.hr\/en\/#organization"},"potentialAction":[{"@type":"SearchAction","target":{"@type":"EntryPoint","urlTemplate":"https:\/\/ou-avdagic.hr\/en\/?s={search_term_string}"},"query-input":{"@type":"PropertyValueSpecification","valueRequired":true,"valueName":"search_term_string"}}],"inLanguage":"en-US"},{"@type":"Organization","@id":"https:\/\/ou-avdagic.hr\/en\/#organization","name":"Odvjetni\u010dki ured Avdagi\u0107","url":"https:\/\/ou-avdagic.hr\/en\/","logo":{"@type":"ImageObject","inLanguage":"en-US","@id":"https:\/\/ou-avdagic.hr\/en\/#\/schema\/logo\/image\/","url":"https:\/\/ou-avdagic.hr\/wp-content\/uploads\/2015\/05\/odvjetnik-logo3.jpg","contentUrl":"https:\/\/ou-avdagic.hr\/wp-content\/uploads\/2015\/05\/odvjetnik-logo3.jpg","width":1525,"height":583,"caption":"Odvjetni\u010dki ured Avdagi\u0107"},"image":{"@id":"https:\/\/ou-avdagic.hr\/en\/#\/schema\/logo\/image\/"},"sameAs":["https:\/\/www.linkedin.com\/in\/jasmin-avdagi\u0107\/"]}]}},"_links":{"self":[{"href":"https:\/\/ou-avdagic.hr\/en\/wp-json\/wp\/v2\/pages\/11908","targetHints":{"allow":["GET"]}}],"collection":[{"href":"https:\/\/ou-avdagic.hr\/en\/wp-json\/wp\/v2\/pages"}],"about":[{"href":"https:\/\/ou-avdagic.hr\/en\/wp-json\/wp\/v2\/types\/page"}],"author":[{"embeddable":true,"href":"https:\/\/ou-avdagic.hr\/en\/wp-json\/wp\/v2\/users\/2"}],"replies":[{"embeddable":true,"href":"https:\/\/ou-avdagic.hr\/en\/wp-json\/wp\/v2\/comments?post=11908"}],"version-history":[{"count":3,"href":"https:\/\/ou-avdagic.hr\/en\/wp-json\/wp\/v2\/pages\/11908\/revisions"}],"predecessor-version":[{"id":11913,"href":"https:\/\/ou-avdagic.hr\/en\/wp-json\/wp\/v2\/pages\/11908\/revisions\/11913"}],"wp:attachment":[{"href":"https:\/\/ou-avdagic.hr\/en\/wp-json\/wp\/v2\/media?parent=11908"}],"curies":[{"name":"wp","href":"https:\/\/api.w.org\/{rel}","templated":true}]}}